{"id":432,"date":"2025-07-22T19:06:37","date_gmt":"2025-07-22T17:06:37","guid":{"rendered":"https:\/\/www.valsecchiforging.com\/cookie-policy\/"},"modified":"2025-07-24T11:03:05","modified_gmt":"2025-07-24T09:03:05","slug":"cookie-policy","status":"publish","type":"page","link":"https:\/\/www.valsecchiforging.com\/de\/cookie-policy\/","title":{"rendered":"Cookie Policy"},"content":{"rendered":"\t\t<div data-elementor-type=\"wp-page\" data-elementor-id=\"432\" class=\"elementor elementor-432 elementor-428\">\n\t\t\t\t<div class=\"elementor-element elementor-element-0afd89b e-flex e-con-boxed wpr-particle-no wpr-jarallax-no wpr-parallax-no wpr-sticky-section-no e-con e-parent\" data-id=\"0afd89b\" data-element_type=\"container\" data-e-type=\"container\" data-settings=\"{&quot;background_background&quot;:&quot;classic&quot;}\">\n\t\t\t\t\t<div class=\"e-con-inner\">\n\t\t\t\t<div class=\"elementor-element elementor-element-0a601f3 elementor-widget elementor-widget-heading\" data-id=\"0a601f3\" data-element_type=\"widget\" data-e-type=\"widget\" data-widget_type=\"heading.default\">\n\t\t\t\t<div class=\"elementor-widget-container\">\n\t\t\t\t\t<h1 class=\"elementor-heading-title elementor-size-default\">Cookie Policy<\/h1>\t\t\t\t<\/div>\n\t\t\t\t<\/div>\n\t\t\t\t\t<\/div>\n\t\t\t\t<\/div>\n\t\t<div class=\"elementor-element elementor-element-f1831d9 e-flex e-con-boxed wpr-particle-no wpr-jarallax-no wpr-parallax-no wpr-sticky-section-no e-con e-parent\" data-id=\"f1831d9\" data-element_type=\"container\" data-e-type=\"container\">\n\t\t\t\t\t<div class=\"e-con-inner\">\n\t\t\t\t<div class=\"elementor-element elementor-element-554de82 elementor-widget elementor-widget-spacer\" data-id=\"554de82\" data-element_type=\"widget\" data-e-type=\"widget\" data-widget_type=\"spacer.default\">\n\t\t\t\t<div class=\"elementor-widget-container\">\n\t\t\t\t\t\t\t<div class=\"elementor-spacer\">\n\t\t\t<div class=\"elementor-spacer-inner\"><\/div>\n\t\t<\/div>\n\t\t\t\t\t\t<\/div>\n\t\t\t\t<\/div>\n\t\t\t\t<div class=\"elementor-element elementor-element-95b6964 elementor-widget elementor-widget-text-editor\" data-id=\"95b6964\" data-element_type=\"widget\" data-e-type=\"widget\" data-widget_type=\"text-editor.default\">\n\t\t\t\t<div class=\"elementor-widget-container\">\n\t\t\t\t\t\t\t\t\t<h3>Verantwortlicher und Eigent\u00fcmer<\/h3><p>Verantwortlicher ist die Firma Valsecchi Roberto, CF \/ PI 02514160130, mit Sitz und Produktionsst\u00e4tte in Rogeno (Lc), Via Calvenzana Inferiore Nr. 8, in Person des gesetzlichen Vertreters und alleinigen Gesch\u00e4ftsf\u00fchrers pro tempore, Herrn Mario Valsecchi. Sie erreichen uns per E-Mail unter info@valsecchiforging.com und nur f\u00fcr Informationsanfragen \u00fcber das Formular auf der Website valsecchiforging.com.<\/p><h3>Cookie-Informationen<\/h3><p>Der Datenverantwortliche ist das Unternehmen Valsecchi Roberto, CF \/ PI 02514160130, mit Sitz in Rogeno (Lc) in der Via Calvenzana Inferiore n. 8, in der Person des vor\u00fcbergehenden gesetzlichen Vertreters und alleinigen Verwalters, Herrn Mario Valsecchi. die unter der E-Mail-Adresse info@valsecchiforging.com kontaktiert werden k\u00f6nnen und auf Informationsanfragen \u00fcber das Formular auf der Website valsecchiforging.com beschr\u00e4nkt sind.<\/p><p><strong>Was sind Cookies?<\/strong><\/p><p>Cookies sind kleine Textdateien, die auf Ihrem Computer, Tablet, Mobiltelefon oder anderen Mobilger\u00e4ten abgelegt werden, wenn Sie diese Anwendung besuchen. Bei jedem Besuch werden Cookies an die Anwendung zur\u00fcckgesendet. Sie erm\u00f6glichen der Anwendung, Ihre Ger\u00e4te zu erkennen und bestimmte Informationen \u00fcber Sie zu speichern, einschlie\u00dflich Ihrer Browsereinstellungen. Wichtig ist, dass sie Sie von anderen Nutzern dieser Anwendung unterscheiden und es uns erm\u00f6glichen, den Service, den wir \u00fcber die Anwendung anbieten, zu optimieren und Ihnen ein individuelleres Erlebnis zu bieten.<\/p><p>Diese Anwendung verwendet grunds\u00e4tzlich sowohl Sitzungscookies (die am Ende einer Browsersitzung ablaufen) als auch dauerhafte Cookies, die auf Ihrem Ger\u00e4t verbleiben und es uns erm\u00f6glichen, Ihre Aktionen oder Benutzereinstellungen \u00fcber mehrere Browsersitzungen hinweg zu speichern.<\/p><h4>Deaktivierung von Cookies<\/h4><p>In den Einstellungen Ihres Webbrowsers k\u00f6nnen Sie steuern, welche Arten von Cookies Sie zulassen. Sie k\u00f6nnen Ihre Browsereinstellungen verwenden, um Benachrichtigungen \u00fcber neue Cookies zu erhalten, Cookies zu aktivieren oder vollst\u00e4ndig zu deaktivieren und den Browser-Cache (Verlauf) zu l\u00f6schen. Wenn Sie die Cookie-Einstellungen Ihres Browsers \u00e4ndern, werden Sie bei Ihrem n\u00e4chsten Besuch dieser Anwendung um Ihre Zustimmung zur Verwendung von Cookies gebeten.<br \/>Sofern Sie Ihre Browsereinstellungen nicht so eingestellt haben, dass Cookies abgelehnt werden, werden beim Besuch dieser Anwendung Cookies f\u00fcr die oben genannten Zwecke gesetzt.<br \/>Weitere Informationen zu Cookies, einschlie\u00dflich der M\u00f6glichkeit, festzustellen, welche Cookies auf Ihrem Computer gesetzt wurden und wie Sie diese verwalten und l\u00f6schen k\u00f6nnen, finden Sie unter <a href=\"http:\/\/www.allaboutcookies.org\">www.AllAboutCookies.org<\/a>.<\/p><p>Die meisten Internetbrowser akzeptieren Cookies standardm\u00e4\u00dfig automatisch. Sie k\u00f6nnen diese Einstellungen \u00e4ndern, um Cookies zu blockieren oder Ihr Ger\u00e4t \u00fcber Cookies zu informieren. Es gibt verschiedene M\u00f6glichkeiten, mit Cookies umzugehen. Informationen zum Anpassen oder \u00c4ndern Ihrer Browsereinstellungen finden Sie im Benutzerhandbuch oder in der Hilfefunktion Ihres Browsers.<\/p><p><a href=\"https:\/\/support.google.com\/accounts\/answer\/61416?hl=it\">Chrome<\/a><br \/><a href=\"https:\/\/support.mozilla.org\/it\/kb\/Attivare%20e%20disattivare%20i%20cookie\"> Firefox<\/a><br \/><a href=\"http:\/\/windows.microsoft.com\/it-it\/windows7\/block-enable-or-allow-cookies\"> Internet Explorer<\/a><br \/><a href=\"http:\/\/help.opera.com\/Windows\/10.00\/it\/cookies.html\">Opera<\/a><br \/><a href=\"https:\/\/www.apple.com\/legal\/privacy\/it\/cookies\/\">Safari<\/a><\/p>\t\t\t\t\t\t\t\t<\/div>\n\t\t\t\t<\/div>\n\t\t\t\t<div class=\"elementor-element elementor-element-573bd48 elementor-widget elementor-widget-spacer\" data-id=\"573bd48\" data-element_type=\"widget\" data-e-type=\"widget\" data-widget_type=\"spacer.default\">\n\t\t\t\t<div class=\"elementor-widget-container\">\n\t\t\t\t\t\t\t<div class=\"elementor-spacer\">\n\t\t\t<div class=\"elementor-spacer-inner\"><\/div>\n\t\t<\/div>\n\t\t\t\t\t\t<\/div>\n\t\t\t\t<\/div>\n\t\t\t\t\t<\/div>\n\t\t\t\t<\/div>\n\t\t\t\t<\/div>\n\t\t","protected":false},"excerpt":{"rendered":"<p>Cookie Policy Verantwortlicher und Eigent\u00fcmer Verantwortlicher ist die Firma Valsecchi Roberto, CF \/ PI 02514160130, mit Sitz und Produktionsst\u00e4tte in Rogeno (Lc), Via Calvenzana Inferiore Nr. 8, in Person des gesetzlichen Vertreters und alleinigen Gesch\u00e4ftsf\u00fchrers pro tempore, Herrn Mario Valsecchi. Sie erreichen uns per E-Mail unter info@valsecchiforging.com und nur f\u00fcr Informationsanfragen \u00fcber das Formular auf der Website valsecchiforging.com. Cookie-Informationen Der Datenverantwortliche ist das Unternehmen Valsecchi Roberto, CF \/ PI 02514160130, mit Sitz in Rogeno (Lc) in der Via Calvenzana Inferiore n. 8, in der Person des vor\u00fcbergehenden gesetzlichen Vertreters und alleinigen Verwalters, Herrn Mario Valsecchi. die unter der E-Mail-Adresse info@valsecchiforging.com kontaktiert werden k\u00f6nnen und auf Informationsanfragen \u00fcber das Formular auf der Website valsecchiforging.com beschr\u00e4nkt sind. Was sind Cookies? Cookies sind kleine Textdateien, die auf Ihrem Computer, Tablet, Mobiltelefon oder anderen Mobilger\u00e4ten abgelegt werden, wenn Sie diese Anwendung besuchen. Bei jedem Besuch werden Cookies an die Anwendung zur\u00fcckgesendet. Sie erm\u00f6glichen der Anwendung, Ihre Ger\u00e4te zu erkennen und bestimmte Informationen \u00fcber Sie zu speichern, einschlie\u00dflich Ihrer Browsereinstellungen. Wichtig ist, dass sie Sie von anderen Nutzern dieser Anwendung unterscheiden und es uns erm\u00f6glichen, den Service, den wir \u00fcber die Anwendung anbieten, zu optimieren und Ihnen ein individuelleres Erlebnis zu bieten. Diese Anwendung verwendet grunds\u00e4tzlich sowohl Sitzungscookies (die am Ende einer Browsersitzung ablaufen) als auch dauerhafte Cookies, die auf Ihrem Ger\u00e4t verbleiben und es uns erm\u00f6glichen, Ihre Aktionen oder Benutzereinstellungen \u00fcber mehrere Browsersitzungen hinweg zu speichern. Deaktivierung von Cookies In den Einstellungen Ihres Webbrowsers k\u00f6nnen Sie steuern, welche Arten von Cookies Sie zulassen. Sie k\u00f6nnen Ihre Browsereinstellungen verwenden, um Benachrichtigungen \u00fcber neue Cookies zu erhalten, Cookies zu aktivieren oder vollst\u00e4ndig zu deaktivieren und den Browser-Cache (Verlauf) zu l\u00f6schen. Wenn Sie die Cookie-Einstellungen Ihres Browsers \u00e4ndern, werden Sie bei Ihrem n\u00e4chsten Besuch dieser Anwendung um Ihre Zustimmung zur Verwendung von Cookies gebeten.Sofern Sie Ihre Browsereinstellungen nicht so eingestellt haben, dass Cookies abgelehnt werden, werden beim Besuch dieser Anwendung Cookies f\u00fcr die oben genannten Zwecke gesetzt.Weitere Informationen zu Cookies, einschlie\u00dflich der M\u00f6glichkeit, festzustellen, welche Cookies auf Ihrem Computer gesetzt wurden und wie Sie diese verwalten und l\u00f6schen k\u00f6nnen, finden Sie unter www.AllAboutCookies.org. Die meisten Internetbrowser akzeptieren Cookies standardm\u00e4\u00dfig automatisch. Sie k\u00f6nnen diese Einstellungen \u00e4ndern, um Cookies zu blockieren oder Ihr Ger\u00e4t \u00fcber Cookies zu informieren. Es gibt verschiedene M\u00f6glichkeiten, mit Cookies umzugehen. Informationen zum Anpassen oder \u00c4ndern Ihrer Browsereinstellungen finden Sie im Benutzerhandbuch oder in der Hilfefunktion Ihres Browsers. Chrome Firefox Internet ExplorerOperaSafari<\/p>\n","protected":false},"author":1,"featured_media":0,"parent":0,"menu_order":0,"comment_status":"closed","ping_status":"closed","template":"elementor_header_footer","meta":{"footnotes":""},"class_list":["post-432","page","type-page","status-publish","hentry"],"yoast_head":"<!-- This site is optimized with the Yoast SEO plugin v27.2 - https:\/\/yoast.com\/product\/yoast-seo-wordpress\/ -->\n<title>Cookie Policy - Valsecchi Roberto Srl<\/title>\n<meta name=\"robots\" content=\"index, follow, max-snippet:-1, max-image-preview:large, max-video-preview:-1\" \/>\n<link rel=\"canonical\" href=\"https:\/\/www.valsecchiforging.com\/de\/cookie-policy\/\" \/>\n<meta property=\"og:locale\" content=\"de_DE\" \/>\n<meta property=\"og:type\" content=\"article\" \/>\n<meta property=\"og:title\" content=\"Cookie Policy - Valsecchi Roberto Srl\" \/>\n<meta property=\"og:description\" content=\"Cookie Policy Verantwortlicher und Eigent\u00fcmer Verantwortlicher ist die Firma Valsecchi Roberto, CF \/ PI 02514160130, mit Sitz und Produktionsst\u00e4tte in Rogeno (Lc), Via Calvenzana Inferiore Nr. 8, in Person des gesetzlichen Vertreters und alleinigen Gesch\u00e4ftsf\u00fchrers pro tempore, Herrn Mario Valsecchi. Sie erreichen uns per E-Mail unter info@valsecchiforging.com und nur f\u00fcr Informationsanfragen \u00fcber das Formular auf der Website valsecchiforging.com. Cookie-Informationen Der Datenverantwortliche ist das Unternehmen Valsecchi Roberto, CF \/ PI 02514160130, mit Sitz in Rogeno (Lc) in der Via Calvenzana Inferiore n. 8, in der Person des vor\u00fcbergehenden gesetzlichen Vertreters und alleinigen Verwalters, Herrn Mario Valsecchi. die unter der E-Mail-Adresse info@valsecchiforging.com kontaktiert werden k\u00f6nnen und auf Informationsanfragen \u00fcber das Formular auf der Website valsecchiforging.com beschr\u00e4nkt sind. Was sind Cookies? Cookies sind kleine Textdateien, die auf Ihrem Computer, Tablet, Mobiltelefon oder anderen Mobilger\u00e4ten abgelegt werden, wenn Sie diese Anwendung besuchen. Bei jedem Besuch werden Cookies an die Anwendung zur\u00fcckgesendet. Sie erm\u00f6glichen der Anwendung, Ihre Ger\u00e4te zu erkennen und bestimmte Informationen \u00fcber Sie zu speichern, einschlie\u00dflich Ihrer Browsereinstellungen. Wichtig ist, dass sie Sie von anderen Nutzern dieser Anwendung unterscheiden und es uns erm\u00f6glichen, den Service, den wir \u00fcber die Anwendung anbieten, zu optimieren und Ihnen ein individuelleres Erlebnis zu bieten. Diese Anwendung verwendet grunds\u00e4tzlich sowohl Sitzungscookies (die am Ende einer Browsersitzung ablaufen) als auch dauerhafte Cookies, die auf Ihrem Ger\u00e4t verbleiben und es uns erm\u00f6glichen, Ihre Aktionen oder Benutzereinstellungen \u00fcber mehrere Browsersitzungen hinweg zu speichern. Deaktivierung von Cookies In den Einstellungen Ihres Webbrowsers k\u00f6nnen Sie steuern, welche Arten von Cookies Sie zulassen. Sie k\u00f6nnen Ihre Browsereinstellungen verwenden, um Benachrichtigungen \u00fcber neue Cookies zu erhalten, Cookies zu aktivieren oder vollst\u00e4ndig zu deaktivieren und den Browser-Cache (Verlauf) zu l\u00f6schen. Wenn Sie die Cookie-Einstellungen Ihres Browsers \u00e4ndern, werden Sie bei Ihrem n\u00e4chsten Besuch dieser Anwendung um Ihre Zustimmung zur Verwendung von Cookies gebeten.Sofern Sie Ihre Browsereinstellungen nicht so eingestellt haben, dass Cookies abgelehnt werden, werden beim Besuch dieser Anwendung Cookies f\u00fcr die oben genannten Zwecke gesetzt.Weitere Informationen zu Cookies, einschlie\u00dflich der M\u00f6glichkeit, festzustellen, welche Cookies auf Ihrem Computer gesetzt wurden und wie Sie diese verwalten und l\u00f6schen k\u00f6nnen, finden Sie unter www.AllAboutCookies.org. Die meisten Internetbrowser akzeptieren Cookies standardm\u00e4\u00dfig automatisch. Sie k\u00f6nnen diese Einstellungen \u00e4ndern, um Cookies zu blockieren oder Ihr Ger\u00e4t \u00fcber Cookies zu informieren. Es gibt verschiedene M\u00f6glichkeiten, mit Cookies umzugehen. Informationen zum Anpassen oder \u00c4ndern Ihrer Browsereinstellungen finden Sie im Benutzerhandbuch oder in der Hilfefunktion Ihres Browsers. Chrome Firefox Internet ExplorerOperaSafari\" \/>\n<meta property=\"og:url\" content=\"https:\/\/www.valsecchiforging.com\/de\/cookie-policy\/\" \/>\n<meta property=\"og:site_name\" content=\"Valsecchi Roberto Srl\" \/>\n<meta property=\"article:modified_time\" content=\"2025-07-24T09:03:05+00:00\" \/>\n<meta name=\"twitter:card\" content=\"summary_large_image\" \/>\n<meta name=\"twitter:label1\" content=\"Gesch\u00e4tzte Lesezeit\" \/>\n\t<meta name=\"twitter:data1\" content=\"2\u00a0Minuten\" \/>\n<script type=\"application\/ld+json\" class=\"yoast-schema-graph\">{\"@context\":\"https:\/\/schema.org\",\"@graph\":[{\"@type\":\"WebPage\",\"@id\":\"https:\/\/www.valsecchiforging.com\/de\/cookie-policy\/\",\"url\":\"https:\/\/www.valsecchiforging.com\/de\/cookie-policy\/\",\"name\":\"Cookie Policy - Valsecchi Roberto Srl\",\"isPartOf\":{\"@id\":\"https:\/\/www.valsecchiforging.com\/#website\"},\"datePublished\":\"2025-07-22T17:06:37+00:00\",\"dateModified\":\"2025-07-24T09:03:05+00:00\",\"breadcrumb\":{\"@id\":\"https:\/\/www.valsecchiforging.com\/de\/cookie-policy\/#breadcrumb\"},\"inLanguage\":\"de\",\"potentialAction\":[{\"@type\":\"ReadAction\",\"target\":[\"https:\/\/www.valsecchiforging.com\/de\/cookie-policy\/\"]}]},{\"@type\":\"BreadcrumbList\",\"@id\":\"https:\/\/www.valsecchiforging.com\/de\/cookie-policy\/#breadcrumb\",\"itemListElement\":[{\"@type\":\"ListItem\",\"position\":1,\"name\":\"Home\",\"item\":\"https:\/\/www.valsecchiforging.com\/de\/\"},{\"@type\":\"ListItem\",\"position\":2,\"name\":\"Cookie Policy\"}]},{\"@type\":\"WebSite\",\"@id\":\"https:\/\/www.valsecchiforging.com\/#website\",\"url\":\"https:\/\/www.valsecchiforging.com\/\",\"name\":\"Valsecchi Roberto Srl\",\"description\":\"\",\"publisher\":{\"@id\":\"https:\/\/www.valsecchiforging.com\/#organization\"},\"potentialAction\":[{\"@type\":\"SearchAction\",\"target\":{\"@type\":\"EntryPoint\",\"urlTemplate\":\"https:\/\/www.valsecchiforging.com\/?s={search_term_string}\"},\"query-input\":{\"@type\":\"PropertyValueSpecification\",\"valueRequired\":true,\"valueName\":\"search_term_string\"}}],\"inLanguage\":\"de\"},{\"@type\":\"Organization\",\"@id\":\"https:\/\/www.valsecchiforging.com\/#organization\",\"name\":\"Valsecchi Roberto Srl\",\"url\":\"https:\/\/www.valsecchiforging.com\/\",\"logo\":{\"@type\":\"ImageObject\",\"inLanguage\":\"de\",\"@id\":\"https:\/\/www.valsecchiforging.com\/#\/schema\/logo\/image\/\",\"url\":\"https:\/\/www.valsecchiforging.com\/wp-content\/uploads\/2025\/06\/Vr-1.png\",\"contentUrl\":\"https:\/\/www.valsecchiforging.com\/wp-content\/uploads\/2025\/06\/Vr-1.png\",\"width\":150,\"height\":150,\"caption\":\"Valsecchi Roberto Srl\"},\"image\":{\"@id\":\"https:\/\/www.valsecchiforging.com\/#\/schema\/logo\/image\/\"}}]}<\/script>\n<!-- \/ Yoast SEO plugin. -->","yoast_head_json":{"title":"Cookie Policy - Valsecchi Roberto Srl","robots":{"index":"index","follow":"follow","max-snippet":"max-snippet:-1","max-image-preview":"max-image-preview:large","max-video-preview":"max-video-preview:-1"},"canonical":"https:\/\/www.valsecchiforging.com\/de\/cookie-policy\/","og_locale":"de_DE","og_type":"article","og_title":"Cookie Policy - Valsecchi Roberto Srl","og_description":"Cookie Policy Verantwortlicher und Eigent\u00fcmer Verantwortlicher ist die Firma Valsecchi Roberto, CF \/ PI 02514160130, mit Sitz und Produktionsst\u00e4tte in Rogeno (Lc), Via Calvenzana Inferiore Nr. 8, in Person des gesetzlichen Vertreters und alleinigen Gesch\u00e4ftsf\u00fchrers pro tempore, Herrn Mario Valsecchi. Sie erreichen uns per E-Mail unter info@valsecchiforging.com und nur f\u00fcr Informationsanfragen \u00fcber das Formular auf der Website valsecchiforging.com. Cookie-Informationen Der Datenverantwortliche ist das Unternehmen Valsecchi Roberto, CF \/ PI 02514160130, mit Sitz in Rogeno (Lc) in der Via Calvenzana Inferiore n. 8, in der Person des vor\u00fcbergehenden gesetzlichen Vertreters und alleinigen Verwalters, Herrn Mario Valsecchi. die unter der E-Mail-Adresse info@valsecchiforging.com kontaktiert werden k\u00f6nnen und auf Informationsanfragen \u00fcber das Formular auf der Website valsecchiforging.com beschr\u00e4nkt sind. Was sind Cookies? Cookies sind kleine Textdateien, die auf Ihrem Computer, Tablet, Mobiltelefon oder anderen Mobilger\u00e4ten abgelegt werden, wenn Sie diese Anwendung besuchen. Bei jedem Besuch werden Cookies an die Anwendung zur\u00fcckgesendet. Sie erm\u00f6glichen der Anwendung, Ihre Ger\u00e4te zu erkennen und bestimmte Informationen \u00fcber Sie zu speichern, einschlie\u00dflich Ihrer Browsereinstellungen. Wichtig ist, dass sie Sie von anderen Nutzern dieser Anwendung unterscheiden und es uns erm\u00f6glichen, den Service, den wir \u00fcber die Anwendung anbieten, zu optimieren und Ihnen ein individuelleres Erlebnis zu bieten. Diese Anwendung verwendet grunds\u00e4tzlich sowohl Sitzungscookies (die am Ende einer Browsersitzung ablaufen) als auch dauerhafte Cookies, die auf Ihrem Ger\u00e4t verbleiben und es uns erm\u00f6glichen, Ihre Aktionen oder Benutzereinstellungen \u00fcber mehrere Browsersitzungen hinweg zu speichern. Deaktivierung von Cookies In den Einstellungen Ihres Webbrowsers k\u00f6nnen Sie steuern, welche Arten von Cookies Sie zulassen. Sie k\u00f6nnen Ihre Browsereinstellungen verwenden, um Benachrichtigungen \u00fcber neue Cookies zu erhalten, Cookies zu aktivieren oder vollst\u00e4ndig zu deaktivieren und den Browser-Cache (Verlauf) zu l\u00f6schen. Wenn Sie die Cookie-Einstellungen Ihres Browsers \u00e4ndern, werden Sie bei Ihrem n\u00e4chsten Besuch dieser Anwendung um Ihre Zustimmung zur Verwendung von Cookies gebeten.Sofern Sie Ihre Browsereinstellungen nicht so eingestellt haben, dass Cookies abgelehnt werden, werden beim Besuch dieser Anwendung Cookies f\u00fcr die oben genannten Zwecke gesetzt.Weitere Informationen zu Cookies, einschlie\u00dflich der M\u00f6glichkeit, festzustellen, welche Cookies auf Ihrem Computer gesetzt wurden und wie Sie diese verwalten und l\u00f6schen k\u00f6nnen, finden Sie unter www.AllAboutCookies.org. Die meisten Internetbrowser akzeptieren Cookies standardm\u00e4\u00dfig automatisch. Sie k\u00f6nnen diese Einstellungen \u00e4ndern, um Cookies zu blockieren oder Ihr Ger\u00e4t \u00fcber Cookies zu informieren. Es gibt verschiedene M\u00f6glichkeiten, mit Cookies umzugehen. Informationen zum Anpassen oder \u00c4ndern Ihrer Browsereinstellungen finden Sie im Benutzerhandbuch oder in der Hilfefunktion Ihres Browsers. Chrome Firefox Internet ExplorerOperaSafari","og_url":"https:\/\/www.valsecchiforging.com\/de\/cookie-policy\/","og_site_name":"Valsecchi Roberto Srl","article_modified_time":"2025-07-24T09:03:05+00:00","twitter_card":"summary_large_image","twitter_misc":{"Gesch\u00e4tzte Lesezeit":"2\u00a0Minuten"},"schema":{"@context":"https:\/\/schema.org","@graph":[{"@type":"WebPage","@id":"https:\/\/www.valsecchiforging.com\/de\/cookie-policy\/","url":"https:\/\/www.valsecchiforging.com\/de\/cookie-policy\/","name":"Cookie Policy - Valsecchi Roberto Srl","isPartOf":{"@id":"https:\/\/www.valsecchiforging.com\/#website"},"datePublished":"2025-07-22T17:06:37+00:00","dateModified":"2025-07-24T09:03:05+00:00","breadcrumb":{"@id":"https:\/\/www.valsecchiforging.com\/de\/cookie-policy\/#breadcrumb"},"inLanguage":"de","potentialAction":[{"@type":"ReadAction","target":["https:\/\/www.valsecchiforging.com\/de\/cookie-policy\/"]}]},{"@type":"BreadcrumbList","@id":"https:\/\/www.valsecchiforging.com\/de\/cookie-policy\/#breadcrumb","itemListElement":[{"@type":"ListItem","position":1,"name":"Home","item":"https:\/\/www.valsecchiforging.com\/de\/"},{"@type":"ListItem","position":2,"name":"Cookie Policy"}]},{"@type":"WebSite","@id":"https:\/\/www.valsecchiforging.com\/#website","url":"https:\/\/www.valsecchiforging.com\/","name":"Valsecchi Roberto Srl","description":"","publisher":{"@id":"https:\/\/www.valsecchiforging.com\/#organization"},"potentialAction":[{"@type":"SearchAction","target":{"@type":"EntryPoint","urlTemplate":"https:\/\/www.valsecchiforging.com\/?s={search_term_string}"},"query-input":{"@type":"PropertyValueSpecification","valueRequired":true,"valueName":"search_term_string"}}],"inLanguage":"de"},{"@type":"Organization","@id":"https:\/\/www.valsecchiforging.com\/#organization","name":"Valsecchi Roberto Srl","url":"https:\/\/www.valsecchiforging.com\/","logo":{"@type":"ImageObject","inLanguage":"de","@id":"https:\/\/www.valsecchiforging.com\/#\/schema\/logo\/image\/","url":"https:\/\/www.valsecchiforging.com\/wp-content\/uploads\/2025\/06\/Vr-1.png","contentUrl":"https:\/\/www.valsecchiforging.com\/wp-content\/uploads\/2025\/06\/Vr-1.png","width":150,"height":150,"caption":"Valsecchi Roberto Srl"},"image":{"@id":"https:\/\/www.valsecchiforging.com\/#\/schema\/logo\/image\/"}}]}},"_links":{"self":[{"href":"https:\/\/www.valsecchiforging.com\/de\/wp-json\/wp\/v2\/pages\/432","targetHints":{"allow":["GET"]}}],"collection":[{"href":"https:\/\/www.valsecchiforging.com\/de\/wp-json\/wp\/v2\/pages"}],"about":[{"href":"https:\/\/www.valsecchiforging.com\/de\/wp-json\/wp\/v2\/types\/page"}],"author":[{"embeddable":true,"href":"https:\/\/www.valsecchiforging.com\/de\/wp-json\/wp\/v2\/users\/1"}],"replies":[{"embeddable":true,"href":"https:\/\/www.valsecchiforging.com\/de\/wp-json\/wp\/v2\/comments?post=432"}],"version-history":[{"count":0,"href":"https:\/\/www.valsecchiforging.com\/de\/wp-json\/wp\/v2\/pages\/432\/revisions"}],"wp:attachment":[{"href":"https:\/\/www.valsecchiforging.com\/de\/wp-json\/wp\/v2\/media?parent=432"}],"curies":[{"name":"wp","href":"https:\/\/api.w.org\/{rel}","templated":true}]}}