{"id":410,"date":"2025-07-22T19:02:36","date_gmt":"2025-07-22T17:02:36","guid":{"rendered":"https:\/\/www.valsecchiforging.com\/certificazioni\/"},"modified":"2025-10-05T16:49:33","modified_gmt":"2025-10-05T14:49:33","slug":"zertifizierungen","status":"publish","type":"page","link":"https:\/\/www.valsecchiforging.com\/de\/zertifizierungen\/","title":{"rendered":"Zertifizierungen"},"content":{"rendered":"\t\t<div data-elementor-type=\"wp-page\" data-elementor-id=\"410\" class=\"elementor elementor-410 elementor-406\">\n\t\t\t\t<div class=\"elementor-element elementor-element-41e4995 e-flex e-con-boxed wpr-particle-no wpr-jarallax-no wpr-parallax-no wpr-sticky-section-no e-con e-parent\" data-id=\"41e4995\" data-element_type=\"container\" data-e-type=\"container\" data-settings=\"{&quot;background_background&quot;:&quot;classic&quot;}\">\n\t\t\t\t\t<div class=\"e-con-inner\">\n\t\t\t\t<div class=\"elementor-element elementor-element-4730d3c elementor-widget elementor-widget-heading\" data-id=\"4730d3c\" data-element_type=\"widget\" data-e-type=\"widget\" data-widget_type=\"heading.default\">\n\t\t\t\t<div class=\"elementor-widget-container\">\n\t\t\t\t\t<h1 class=\"elementor-heading-title elementor-size-default\">Zertifizierungen<\/h1>\t\t\t\t<\/div>\n\t\t\t\t<\/div>\n\t\t\t\t\t<\/div>\n\t\t\t\t<\/div>\n\t\t<div class=\"elementor-element elementor-element-67f4e94 e-con-full e-flex wpr-particle-no wpr-jarallax-no wpr-parallax-no wpr-sticky-section-no e-con e-parent\" data-id=\"67f4e94\" data-element_type=\"container\" data-e-type=\"container\">\n\t\t<div class=\"elementor-element elementor-element-284eea0 e-con-full e-flex wpr-particle-no wpr-jarallax-no wpr-parallax-no wpr-sticky-section-no e-con e-child\" data-id=\"284eea0\" data-element_type=\"container\" data-e-type=\"container\">\n\t\t\t\t<div class=\"elementor-element elementor-element-a7f1e5a elementor-widget elementor-widget-text-editor\" data-id=\"a7f1e5a\" data-element_type=\"widget\" data-e-type=\"widget\" data-widget_type=\"text-editor.default\">\n\t\t\t\t<div class=\"elementor-widget-container\">\n\t\t\t\t\t\t\t\t\t<p>Unsere Prozesse sind nach <strong>Industrie 4.0 vernetzt<\/strong>, was uns eine st\u00e4ndige \u00dcberwachung der Produktionsprozesse erm\u00f6glicht. Unser Qualit\u00e4tssystem nach <strong>ISO 9001:2015 <\/strong>garantiert die Identifikation und R\u00fcckverfolgbarkeit der Chargen und ist ein weiteres Zeichen f\u00fcr unser Bem\u00fchen um Exzellenz, w\u00e4hrend die Zertifizierung nach <strong>ISO 14001:2015<\/strong> unser Interesse an Nachhaltigkeit und Umweltschutz bezeugt.<\/p>\t\t\t\t\t\t\t\t<\/div>\n\t\t\t\t<\/div>\n\t\t<div class=\"elementor-element elementor-element-a5e3323 e-con-full e-flex wpr-particle-no wpr-jarallax-no wpr-parallax-no wpr-sticky-section-no e-con e-child\" data-id=\"a5e3323\" data-element_type=\"container\" data-e-type=\"container\">\n\t\t<div class=\"elementor-element elementor-element-0bcd6a3 e-con-full certif e-flex wpr-particle-no wpr-jarallax-no wpr-parallax-no wpr-sticky-section-no e-con e-child\" data-id=\"0bcd6a3\" data-element_type=\"container\" data-e-type=\"container\">\n\t\t\t\t<div class=\"elementor-element elementor-element-fa06217 elementor-widget elementor-widget-image\" data-id=\"fa06217\" data-element_type=\"widget\" data-e-type=\"widget\" data-widget_type=\"image.default\">\n\t\t\t\t<div class=\"elementor-widget-container\">\n\t\t\t\t\t\t\t\t\t\t\t\t\t\t\t\t<a href=\"https:\/\/www.valsecchiforging.com\/wp-content\/uploads\/2025\/07\/VALSECCHI-ROBERTO-25QMAC001-00.pdf\" target=\"_blank\">\n\t\t\t\t\t\t\t<img fetchpriority=\"high\" decoding=\"async\" width=\"245\" height=\"232\" src=\"https:\/\/www.valsecchiforging.com\/wp-content\/uploads\/2025\/07\/ACQS_QMS_certified.jpg\" class=\"attachment-full size-full wp-image-723\" alt=\"\" \/>\t\t\t\t\t\t\t\t<\/a>\n\t\t\t\t\t\t\t\t\t\t\t\t\t\t\t<\/div>\n\t\t\t\t<\/div>\n\t\t\t\t<div class=\"elementor-element elementor-element-9c52af2 elementor-widget elementor-widget-heading\" data-id=\"9c52af2\" data-element_type=\"widget\" data-e-type=\"widget\" data-widget_type=\"heading.default\">\n\t\t\t\t<div class=\"elementor-widget-container\">\n\t\t\t\t\t<h2 class=\"elementor-heading-title elementor-size-default\"><a href=\"https:\/\/www.valsecchiforging.com\/wp-content\/uploads\/2025\/07\/VALSECCHI-ROBERTO-25QMAC001-00.pdf\" target=\"_blank\">ISO 9001:2015<br><small>N\u00b0 25QMAC001 Rev.00<\/small><\/a><\/h2>\t\t\t\t<\/div>\n\t\t\t\t<\/div>\n\t\t\t\t<\/div>\n\t\t<div class=\"elementor-element elementor-element-04b789e e-con-full certif e-flex wpr-particle-no wpr-jarallax-no wpr-parallax-no wpr-sticky-section-no e-con e-child\" data-id=\"04b789e\" data-element_type=\"container\" data-e-type=\"container\">\n\t\t\t\t<div class=\"elementor-element elementor-element-625ef26 elementor-widget elementor-widget-image\" data-id=\"625ef26\" data-element_type=\"widget\" data-e-type=\"widget\" data-widget_type=\"image.default\">\n\t\t\t\t<div class=\"elementor-widget-container\">\n\t\t\t\t\t\t\t\t\t\t\t\t\t\t\t\t<a href=\"https:\/\/www.valsecchiforging.com\/wp-content\/uploads\/2025\/07\/VALSECCHI-ROBERTO-25EMNA001-00.pdf\" target=\"_blank\">\n\t\t\t\t\t\t\t<img fetchpriority=\"high\" decoding=\"async\" width=\"245\" height=\"232\" src=\"https:\/\/www.valsecchiforging.com\/wp-content\/uploads\/2025\/07\/ACQS_QMS_certified.jpg\" class=\"attachment-full size-full wp-image-723\" alt=\"\" \/>\t\t\t\t\t\t\t\t<\/a>\n\t\t\t\t\t\t\t\t\t\t\t\t\t\t\t<\/div>\n\t\t\t\t<\/div>\n\t\t\t\t<div class=\"elementor-element elementor-element-314b95e elementor-widget elementor-widget-heading\" data-id=\"314b95e\" data-element_type=\"widget\" data-e-type=\"widget\" data-widget_type=\"heading.default\">\n\t\t\t\t<div class=\"elementor-widget-container\">\n\t\t\t\t\t<h2 class=\"elementor-heading-title elementor-size-default\"><a href=\"https:\/\/www.valsecchiforging.com\/wp-content\/uploads\/2025\/07\/VALSECCHI-ROBERTO-25EMNA001-00.pdf\" target=\"_blank\">ISO 14001:2015<br><small>N\u00b0 25EMNA001 Rev.00<\/small><\/a><\/h2>\t\t\t\t<\/div>\n\t\t\t\t<\/div>\n\t\t\t\t<\/div>\n\t\t<div class=\"elementor-element elementor-element-1fea8d6 e-con-full certif e-flex wpr-particle-no wpr-jarallax-no wpr-parallax-no wpr-sticky-section-no e-con e-child\" data-id=\"1fea8d6\" data-element_type=\"container\" data-e-type=\"container\">\n\t\t\t\t<div class=\"elementor-element elementor-element-5dc2727 elementor-widget elementor-widget-image\" data-id=\"5dc2727\" data-element_type=\"widget\" data-e-type=\"widget\" data-widget_type=\"image.default\">\n\t\t\t\t<div class=\"elementor-widget-container\">\n\t\t\t\t\t\t\t\t\t\t\t\t\t\t\t\t<a href=\"https:\/\/www.valsecchiforging.com\/wp-content\/uploads\/2025\/07\/VALSECCHI-ROBERTO-S.R.L._EMS_CA.pdf\" target=\"_blank\">\n\t\t\t\t\t\t\t<img decoding=\"async\" width=\"189\" height=\"232\" src=\"https:\/\/www.valsecchiforging.com\/wp-content\/uploads\/2025\/07\/Certification-Mark-for-ISO-14001.jpg\" class=\"attachment-full size-full wp-image-727\" alt=\"\" \/>\t\t\t\t\t\t\t\t<\/a>\n\t\t\t\t\t\t\t\t\t\t\t\t\t\t\t<\/div>\n\t\t\t\t<\/div>\n\t\t\t\t<div class=\"elementor-element elementor-element-05c82f3 elementor-widget elementor-widget-heading\" data-id=\"05c82f3\" data-element_type=\"widget\" data-e-type=\"widget\" data-widget_type=\"heading.default\">\n\t\t\t\t<div class=\"elementor-widget-container\">\n\t\t\t\t\t<h2 class=\"elementor-heading-title elementor-size-default\"><a href=\"https:\/\/www.valsecchiforging.com\/wp-content\/uploads\/2025\/07\/VALSECCHI-ROBERTO-S.R.L._EMS_CA.pdf\" target=\"_blank\">ISO 14001:2015<br><small>N\u00b0 IC-EM-2501016<\/small><\/a><\/h2>\t\t\t\t<\/div>\n\t\t\t\t<\/div>\n\t\t\t\t<\/div>\n\t\t\t\t<\/div>\n\t\t\t\t<\/div>\n\t\t<div class=\"elementor-element elementor-element-44c79df e-flex e-con-boxed wpr-particle-no wpr-jarallax-no wpr-parallax-no wpr-sticky-section-no e-con e-child\" data-id=\"44c79df\" data-element_type=\"container\" data-e-type=\"container\" data-settings=\"{&quot;background_background&quot;:&quot;classic&quot;}\">\n\t\t\t\t\t<div class=\"e-con-inner\">\n\t\t\t\t\t<\/div>\n\t\t\t\t<\/div>\n\t\t\t\t<\/div>\n\t\t\t\t<\/div>\n\t\t","protected":false},"excerpt":{"rendered":"<p>Zertifizierungen Unsere Prozesse sind nach Industrie 4.0 vernetzt, was uns eine st\u00e4ndige \u00dcberwachung der Produktionsprozesse erm\u00f6glicht. Unser Qualit\u00e4tssystem nach ISO 9001:2015 garantiert die Identifikation und R\u00fcckverfolgbarkeit der Chargen und ist ein weiteres Zeichen f\u00fcr unser Bem\u00fchen um Exzellenz, w\u00e4hrend die Zertifizierung nach ISO 14001:2015 unser Interesse an Nachhaltigkeit und Umweltschutz bezeugt. ISO 9001:2015N\u00b0 25QMAC001 Rev.00 ISO 14001:2015N\u00b0 25EMNA001 Rev.00 ISO 14001:2015N\u00b0 IC-EM-2501016<\/p>\n","protected":false},"author":1,"featured_media":397,"parent":0,"menu_order":0,"comment_status":"closed","ping_status":"closed","template":"elementor_header_footer","meta":{"footnotes":""},"class_list":["post-410","page","type-page","status-publish","has-post-thumbnail","hentry"],"yoast_head":"<!-- This site is optimized with the Yoast SEO plugin v27.2 - https:\/\/yoast.com\/product\/yoast-seo-wordpress\/ -->\n<title>Zertifizierungen - Valsecchi Roberto Srl<\/title>\n<meta name=\"robots\" content=\"index, follow, max-snippet:-1, max-image-preview:large, max-video-preview:-1\" \/>\n<link rel=\"canonical\" href=\"https:\/\/www.valsecchiforging.com\/en\/certifications\/\" \/>\n<meta property=\"og:locale\" content=\"de_DE\" \/>\n<meta property=\"og:type\" content=\"article\" \/>\n<meta property=\"og:title\" content=\"Zertifizierungen - Valsecchi Roberto Srl\" \/>\n<meta property=\"og:description\" content=\"Zertifizierungen Unsere Prozesse sind nach Industrie 4.0 vernetzt, was uns eine st\u00e4ndige \u00dcberwachung der Produktionsprozesse erm\u00f6glicht. Unser Qualit\u00e4tssystem nach ISO 9001:2015 garantiert die Identifikation und R\u00fcckverfolgbarkeit der Chargen und ist ein weiteres Zeichen f\u00fcr unser Bem\u00fchen um Exzellenz, w\u00e4hrend die Zertifizierung nach ISO 14001:2015 unser Interesse an Nachhaltigkeit und Umweltschutz bezeugt. ISO 9001:2015N\u00b0 25QMAC001 Rev.00 ISO 14001:2015N\u00b0 25EMNA001 Rev.00 ISO 14001:2015N\u00b0 IC-EM-2501016\" \/>\n<meta property=\"og:url\" content=\"https:\/\/www.valsecchiforging.com\/en\/certifications\/\" \/>\n<meta property=\"og:site_name\" content=\"Valsecchi Roberto Srl\" \/>\n<meta property=\"article:modified_time\" content=\"2025-10-05T14:49:33+00:00\" \/>\n<meta property=\"og:image\" content=\"https:\/\/www.valsecchiforging.com\/wp-content\/uploads\/2025\/07\/7d9d54_c71a5bf081fb460babb30c5cfcb20c64mv2.jpeg\" \/>\n\t<meta property=\"og:image:width\" content=\"1040\" \/>\n\t<meta property=\"og:image:height\" content=\"780\" \/>\n\t<meta property=\"og:image:type\" content=\"image\/jpeg\" \/>\n<meta name=\"twitter:card\" content=\"summary_large_image\" \/>\n<meta name=\"twitter:label1\" content=\"Gesch\u00e4tzte Lesezeit\" \/>\n\t<meta name=\"twitter:data1\" content=\"1\u00a0Minute\" \/>\n<script type=\"application\/ld+json\" class=\"yoast-schema-graph\">{\"@context\":\"https:\/\/schema.org\",\"@graph\":[{\"@type\":\"WebPage\",\"@id\":\"https:\/\/www.valsecchiforging.com\/en\/certifications\/\",\"url\":\"https:\/\/www.valsecchiforging.com\/en\/certifications\/\",\"name\":\"Zertifizierungen - Valsecchi Roberto Srl\",\"isPartOf\":{\"@id\":\"https:\/\/www.valsecchiforging.com\/#website\"},\"primaryImageOfPage\":{\"@id\":\"https:\/\/www.valsecchiforging.com\/en\/certifications\/#primaryimage\"},\"image\":{\"@id\":\"https:\/\/www.valsecchiforging.com\/en\/certifications\/#primaryimage\"},\"thumbnailUrl\":\"https:\/\/www.valsecchiforging.com\/wp-content\/uploads\/2025\/07\/7d9d54_c71a5bf081fb460babb30c5cfcb20c64mv2.jpeg\",\"datePublished\":\"2025-07-22T17:02:36+00:00\",\"dateModified\":\"2025-10-05T14:49:33+00:00\",\"breadcrumb\":{\"@id\":\"https:\/\/www.valsecchiforging.com\/en\/certifications\/#breadcrumb\"},\"inLanguage\":\"de\",\"potentialAction\":[{\"@type\":\"ReadAction\",\"target\":[\"https:\/\/www.valsecchiforging.com\/en\/certifications\/\"]}]},{\"@type\":\"ImageObject\",\"inLanguage\":\"de\",\"@id\":\"https:\/\/www.valsecchiforging.com\/en\/certifications\/#primaryimage\",\"url\":\"https:\/\/www.valsecchiforging.com\/wp-content\/uploads\/2025\/07\/7d9d54_c71a5bf081fb460babb30c5cfcb20c64mv2.jpeg\",\"contentUrl\":\"https:\/\/www.valsecchiforging.com\/wp-content\/uploads\/2025\/07\/7d9d54_c71a5bf081fb460babb30c5cfcb20c64mv2.jpeg\",\"width\":1040,\"height\":780},{\"@type\":\"BreadcrumbList\",\"@id\":\"https:\/\/www.valsecchiforging.com\/en\/certifications\/#breadcrumb\",\"itemListElement\":[{\"@type\":\"ListItem\",\"position\":1,\"name\":\"Home\",\"item\":\"https:\/\/www.valsecchiforging.com\/de\/\"},{\"@type\":\"ListItem\",\"position\":2,\"name\":\"Zertifizierungen\"}]},{\"@type\":\"WebSite\",\"@id\":\"https:\/\/www.valsecchiforging.com\/#website\",\"url\":\"https:\/\/www.valsecchiforging.com\/\",\"name\":\"Valsecchi Roberto Srl\",\"description\":\"\",\"publisher\":{\"@id\":\"https:\/\/www.valsecchiforging.com\/#organization\"},\"potentialAction\":[{\"@type\":\"SearchAction\",\"target\":{\"@type\":\"EntryPoint\",\"urlTemplate\":\"https:\/\/www.valsecchiforging.com\/?s={search_term_string}\"},\"query-input\":{\"@type\":\"PropertyValueSpecification\",\"valueRequired\":true,\"valueName\":\"search_term_string\"}}],\"inLanguage\":\"de\"},{\"@type\":\"Organization\",\"@id\":\"https:\/\/www.valsecchiforging.com\/#organization\",\"name\":\"Valsecchi Roberto Srl\",\"url\":\"https:\/\/www.valsecchiforging.com\/\",\"logo\":{\"@type\":\"ImageObject\",\"inLanguage\":\"de\",\"@id\":\"https:\/\/www.valsecchiforging.com\/#\/schema\/logo\/image\/\",\"url\":\"https:\/\/www.valsecchiforging.com\/wp-content\/uploads\/2025\/06\/Vr-1.png\",\"contentUrl\":\"https:\/\/www.valsecchiforging.com\/wp-content\/uploads\/2025\/06\/Vr-1.png\",\"width\":150,\"height\":150,\"caption\":\"Valsecchi Roberto Srl\"},\"image\":{\"@id\":\"https:\/\/www.valsecchiforging.com\/#\/schema\/logo\/image\/\"}}]}<\/script>\n<!-- \/ Yoast SEO plugin. -->","yoast_head_json":{"title":"Zertifizierungen - Valsecchi Roberto Srl","robots":{"index":"index","follow":"follow","max-snippet":"max-snippet:-1","max-image-preview":"max-image-preview:large","max-video-preview":"max-video-preview:-1"},"canonical":"https:\/\/www.valsecchiforging.com\/en\/certifications\/","og_locale":"de_DE","og_type":"article","og_title":"Zertifizierungen - Valsecchi Roberto Srl","og_description":"Zertifizierungen Unsere Prozesse sind nach Industrie 4.0 vernetzt, was uns eine st\u00e4ndige \u00dcberwachung der Produktionsprozesse erm\u00f6glicht. Unser Qualit\u00e4tssystem nach ISO 9001:2015 garantiert die Identifikation und R\u00fcckverfolgbarkeit der Chargen und ist ein weiteres Zeichen f\u00fcr unser Bem\u00fchen um Exzellenz, w\u00e4hrend die Zertifizierung nach ISO 14001:2015 unser Interesse an Nachhaltigkeit und Umweltschutz bezeugt. ISO 9001:2015N\u00b0 25QMAC001 Rev.00 ISO 14001:2015N\u00b0 25EMNA001 Rev.00 ISO 14001:2015N\u00b0 IC-EM-2501016","og_url":"https:\/\/www.valsecchiforging.com\/en\/certifications\/","og_site_name":"Valsecchi Roberto Srl","article_modified_time":"2025-10-05T14:49:33+00:00","og_image":[{"width":1040,"height":780,"url":"https:\/\/www.valsecchiforging.com\/wp-content\/uploads\/2025\/07\/7d9d54_c71a5bf081fb460babb30c5cfcb20c64mv2.jpeg","type":"image\/jpeg"}],"twitter_card":"summary_large_image","twitter_misc":{"Gesch\u00e4tzte Lesezeit":"1\u00a0Minute"},"schema":{"@context":"https:\/\/schema.org","@graph":[{"@type":"WebPage","@id":"https:\/\/www.valsecchiforging.com\/en\/certifications\/","url":"https:\/\/www.valsecchiforging.com\/en\/certifications\/","name":"Zertifizierungen - Valsecchi Roberto Srl","isPartOf":{"@id":"https:\/\/www.valsecchiforging.com\/#website"},"primaryImageOfPage":{"@id":"https:\/\/www.valsecchiforging.com\/en\/certifications\/#primaryimage"},"image":{"@id":"https:\/\/www.valsecchiforging.com\/en\/certifications\/#primaryimage"},"thumbnailUrl":"https:\/\/www.valsecchiforging.com\/wp-content\/uploads\/2025\/07\/7d9d54_c71a5bf081fb460babb30c5cfcb20c64mv2.jpeg","datePublished":"2025-07-22T17:02:36+00:00","dateModified":"2025-10-05T14:49:33+00:00","breadcrumb":{"@id":"https:\/\/www.valsecchiforging.com\/en\/certifications\/#breadcrumb"},"inLanguage":"de","potentialAction":[{"@type":"ReadAction","target":["https:\/\/www.valsecchiforging.com\/en\/certifications\/"]}]},{"@type":"ImageObject","inLanguage":"de","@id":"https:\/\/www.valsecchiforging.com\/en\/certifications\/#primaryimage","url":"https:\/\/www.valsecchiforging.com\/wp-content\/uploads\/2025\/07\/7d9d54_c71a5bf081fb460babb30c5cfcb20c64mv2.jpeg","contentUrl":"https:\/\/www.valsecchiforging.com\/wp-content\/uploads\/2025\/07\/7d9d54_c71a5bf081fb460babb30c5cfcb20c64mv2.jpeg","width":1040,"height":780},{"@type":"BreadcrumbList","@id":"https:\/\/www.valsecchiforging.com\/en\/certifications\/#breadcrumb","itemListElement":[{"@type":"ListItem","position":1,"name":"Home","item":"https:\/\/www.valsecchiforging.com\/de\/"},{"@type":"ListItem","position":2,"name":"Zertifizierungen"}]},{"@type":"WebSite","@id":"https:\/\/www.valsecchiforging.com\/#website","url":"https:\/\/www.valsecchiforging.com\/","name":"Valsecchi Roberto Srl","description":"","publisher":{"@id":"https:\/\/www.valsecchiforging.com\/#organization"},"potentialAction":[{"@type":"SearchAction","target":{"@type":"EntryPoint","urlTemplate":"https:\/\/www.valsecchiforging.com\/?s={search_term_string}"},"query-input":{"@type":"PropertyValueSpecification","valueRequired":true,"valueName":"search_term_string"}}],"inLanguage":"de"},{"@type":"Organization","@id":"https:\/\/www.valsecchiforging.com\/#organization","name":"Valsecchi Roberto Srl","url":"https:\/\/www.valsecchiforging.com\/","logo":{"@type":"ImageObject","inLanguage":"de","@id":"https:\/\/www.valsecchiforging.com\/#\/schema\/logo\/image\/","url":"https:\/\/www.valsecchiforging.com\/wp-content\/uploads\/2025\/06\/Vr-1.png","contentUrl":"https:\/\/www.valsecchiforging.com\/wp-content\/uploads\/2025\/06\/Vr-1.png","width":150,"height":150,"caption":"Valsecchi Roberto Srl"},"image":{"@id":"https:\/\/www.valsecchiforging.com\/#\/schema\/logo\/image\/"}}]}},"_links":{"self":[{"href":"https:\/\/www.valsecchiforging.com\/de\/wp-json\/wp\/v2\/pages\/410","targetHints":{"allow":["GET"]}}],"collection":[{"href":"https:\/\/www.valsecchiforging.com\/de\/wp-json\/wp\/v2\/pages"}],"about":[{"href":"https:\/\/www.valsecchiforging.com\/de\/wp-json\/wp\/v2\/types\/page"}],"author":[{"embeddable":true,"href":"https:\/\/www.valsecchiforging.com\/de\/wp-json\/wp\/v2\/users\/1"}],"replies":[{"embeddable":true,"href":"https:\/\/www.valsecchiforging.com\/de\/wp-json\/wp\/v2\/comments?post=410"}],"version-history":[{"count":0,"href":"https:\/\/www.valsecchiforging.com\/de\/wp-json\/wp\/v2\/pages\/410\/revisions"}],"wp:featuredmedia":[{"embeddable":true,"href":"https:\/\/www.valsecchiforging.com\/de\/wp-json\/wp\/v2\/media\/397"}],"wp:attachment":[{"href":"https:\/\/www.valsecchiforging.com\/de\/wp-json\/wp\/v2\/media?parent=410"}],"curies":[{"name":"wp","href":"https:\/\/api.w.org\/{rel}","templated":true}]}}